{"id":288,"date":"2022-09-27T15:53:14","date_gmt":"2022-09-27T13:53:14","guid":{"rendered":"https:\/\/wp.kuttersegeln.de\/?page_id=288"},"modified":"2022-09-27T15:53:14","modified_gmt":"2022-09-27T13:53:14","slug":"kommentare","status":"publish","type":"page","link":"https:\/\/wp.kuttersegeln.de\/index.php\/blog\/kommentare\/","title":{"rendered":"Kommentare"},"content":{"rendered":"<ol class=\"has-avatars has-dates has-excerpts wp-block-latest-comments\"><li class=\"wp-block-latest-comments__comment\"><img alt='' src='https:\/\/secure.gravatar.com\/avatar\/d359a8a60d7a6749e2f21afe7330a0c8d2850d6c7a321abd4d938a550e725d77?s=48&#038;d=blank&#038;r=g' srcset='https:\/\/secure.gravatar.com\/avatar\/d359a8a60d7a6749e2f21afe7330a0c8d2850d6c7a321abd4d938a550e725d77?s=96&#038;d=blank&#038;r=g 2x' class='avatar avatar-48 photo wp-block-latest-comments__comment-avatar' height='48' width='48' \/><article><footer class=\"wp-block-latest-comments__comment-meta\"><a class=\"wp-block-latest-comments__comment-author\" href=\"https:\/\/wp.kuttersegeln.de\/index.php\/author\/kutterbroiler\/\">Henry Brolewski<\/a> zu <a class=\"wp-block-latest-comments__comment-link\" href=\"https:\/\/wp.kuttersegeln.de\/index.php\/segeln\/regatten\/#comment-31\">Regatten<\/a><time datetime=\"2023-03-22T20:19:57+01:00\" class=\"wp-block-latest-comments__comment-date\">22. M\u00e4rz 2023<\/time><\/footer><div class=\"wp-block-latest-comments__comment-excerpt\"><p>super<\/p>\n<\/div><\/article><\/li><li class=\"wp-block-latest-comments__comment\"><img alt='' src='https:\/\/secure.gravatar.com\/avatar\/ab50d4e32323877f6a59aa38e9f7b9e9125da6dee1830443aba3d908aa09c5e4?s=48&#038;d=blank&#038;r=g' srcset='https:\/\/secure.gravatar.com\/avatar\/ab50d4e32323877f6a59aa38e9f7b9e9125da6dee1830443aba3d908aa09c5e4?s=96&#038;d=blank&#038;r=g 2x' class='avatar avatar-48 photo wp-block-latest-comments__comment-avatar' height='48' width='48' \/><article><footer class=\"wp-block-latest-comments__comment-meta\"><a class=\"wp-block-latest-comments__comment-author\" href=\"https:\/\/kuttersegeln.mj-kiel.de\">Stephan<\/a> zu <a class=\"wp-block-latest-comments__comment-link\" href=\"https:\/\/wp.kuttersegeln.de\/index.php\/segeln\/regatten\/#comment-30\">Regatten<\/a><time datetime=\"2023-03-16T10:26:19+01:00\" class=\"wp-block-latest-comments__comment-date\">16. M\u00e4rz 2023<\/time><\/footer><div class=\"wp-block-latest-comments__comment-excerpt\"><p>Neue Seite \u201eRegatten\u201c f\u00fcr Broiler. Einsortiert unter \u201eSegeln\u201c. Passt das so?<\/p>\n<\/div><\/article><\/li><li class=\"wp-block-latest-comments__comment\"><img alt='' src='https:\/\/secure.gravatar.com\/avatar\/fafc002f6d1c5b5bf93857ace0a7318f93c9f0ccd5bdc3c6cdf05d7a8b3aaa05?s=48&#038;d=blank&#038;r=g' srcset='https:\/\/secure.gravatar.com\/avatar\/fafc002f6d1c5b5bf93857ace0a7318f93c9f0ccd5bdc3c6cdf05d7a8b3aaa05?s=96&#038;d=blank&#038;r=g 2x' class='avatar avatar-48 photo wp-block-latest-comments__comment-avatar' height='48' width='48' \/><article><footer class=\"wp-block-latest-comments__comment-meta\"><a class=\"wp-block-latest-comments__comment-author\" href=\"https:\/\/mvg-braunschweig.de\">Achim<\/a> zu <a class=\"wp-block-latest-comments__comment-link\" href=\"https:\/\/wp.kuttersegeln.de\/index.php\/kutter\/unbekannt\/#comment-28\">Welche Kutter sind das?<\/a><time datetime=\"2023-02-05T05:15:15+01:00\" class=\"wp-block-latest-comments__comment-date\">5. Februar 2023<\/time><\/footer><div class=\"wp-block-latest-comments__comment-excerpt\"><p>&#8222;Bodensee 2000&#8220; K62 Marine-Jugend Konstanz e.V. Ob die genutzte Segelnummer auch die Baunummer ist, wei\u00df nur der Eigner. ^^ Standart&hellip;<\/p>\n<\/div><\/article><\/li><li class=\"wp-block-latest-comments__comment\"><img alt='' src='https:\/\/secure.gravatar.com\/avatar\/ab50d4e32323877f6a59aa38e9f7b9e9125da6dee1830443aba3d908aa09c5e4?s=48&#038;d=blank&#038;r=g' srcset='https:\/\/secure.gravatar.com\/avatar\/ab50d4e32323877f6a59aa38e9f7b9e9125da6dee1830443aba3d908aa09c5e4?s=96&#038;d=blank&#038;r=g 2x' class='avatar avatar-48 photo wp-block-latest-comments__comment-avatar' height='48' width='48' \/><article><footer class=\"wp-block-latest-comments__comment-meta\"><a class=\"wp-block-latest-comments__comment-author\" href=\"https:\/\/kuttersegeln.mj-kiel.de\">Stephan<\/a> zu <a class=\"wp-block-latest-comments__comment-link\" href=\"https:\/\/wp.kuttersegeln.de\/index.php\/segeln\/wetter\/wetter-kiel\/#comment-8\">Windfinder Kieler F\u00f6rde<\/a><time datetime=\"2022-09-27T15:47:57+02:00\" class=\"wp-block-latest-comments__comment-date\">27. September 2022<\/time><\/footer><div class=\"wp-block-latest-comments__comment-excerpt\"><p>Bei Westwind kommt in der Innenf\u00f6rde auf H\u00f6he unserer Segel meist eine Windst\u00e4rke weniger an als vorhergesagt.<\/p>\n<\/div><\/article><\/li><li class=\"wp-block-latest-comments__comment\"><img alt='' src='https:\/\/secure.gravatar.com\/avatar\/ab50d4e32323877f6a59aa38e9f7b9e9125da6dee1830443aba3d908aa09c5e4?s=48&#038;d=blank&#038;r=g' srcset='https:\/\/secure.gravatar.com\/avatar\/ab50d4e32323877f6a59aa38e9f7b9e9125da6dee1830443aba3d908aa09c5e4?s=96&#038;d=blank&#038;r=g 2x' class='avatar avatar-48 photo wp-block-latest-comments__comment-avatar' height='48' width='48' \/><article><footer class=\"wp-block-latest-comments__comment-meta\"><a class=\"wp-block-latest-comments__comment-author\" href=\"https:\/\/kuttersegeln.mj-kiel.de\">Stephan<\/a> zu <a class=\"wp-block-latest-comments__comment-link\" href=\"https:\/\/wp.kuttersegeln.de\/index.php\/kutter\/zk10\/k382-fritjof\/#comment-7\">K382 Fritjof, Marine-Jugend Kiel<\/a><time datetime=\"2022-09-19T16:54:57+02:00\" class=\"wp-block-latest-comments__comment-date\">19. September 2022<\/time><\/footer><div class=\"wp-block-latest-comments__comment-excerpt\"><p>Bei der Marinekutterregatta 2022 hat die \u201eAltherrenmaschaft\u201c der Marinejugend Kiel mit dem Kutter Fritjof den 4. (und letzten) Platz ersegelt&hellip;<\/p>\n<\/div><\/article><\/li><\/ol>\n\n<ul class=\"wp-block-latest-posts__list wp-block-latest-posts\"><li><a class=\"wp-block-latest-posts__post-title\" href=\"https:\/\/wp.kuttersegeln.de\/index.php\/2022\/09\/27\/herbstlicher-fjord\/\">Herbstlicher Fjord<\/a><\/li>\n<li><a class=\"wp-block-latest-posts__post-title\" href=\"https:\/\/wp.kuttersegeln.de\/index.php\/2022\/09\/19\/willkommen-auf-der-neuen-seite-zum-kuttersegeln\/\">Willkommen auf der neuen Seite zum Kuttersegeln!<\/a><\/li>\n<li><a class=\"wp-block-latest-posts__post-title\" href=\"https:\/\/wp.kuttersegeln.de\/index.php\/2022\/09\/19\/diskussionen\/\">Wortmeldungen zu Kuttern<\/a><\/li>\n<li><a class=\"wp-block-latest-posts__post-title\" href=\"https:\/\/wp.kuttersegeln.de\/index.php\/2022\/09\/19\/k306-aneesa\/\">K306 Aneesa<\/a><\/li>\n<\/ul>","protected":false},"excerpt":{"rendered":"","protected":false},"author":1,"featured_media":0,"parent":12,"menu_order":0,"comment_status":"closed","ping_status":"closed","template":"","meta":{"footnotes":""},"class_list":["post-288","page","type-page","status-publish","hentry"],"_links":{"self":[{"href":"https:\/\/wp.kuttersegeln.de\/index.php\/wp-json\/wp\/v2\/pages\/288","targetHints":{"allow":["GET"]}}],"collection":[{"href":"https:\/\/wp.kuttersegeln.de\/index.php\/wp-json\/wp\/v2\/pages"}],"about":[{"href":"https:\/\/wp.kuttersegeln.de\/index.php\/wp-json\/wp\/v2\/types\/page"}],"author":[{"embeddable":true,"href":"https:\/\/wp.kuttersegeln.de\/index.php\/wp-json\/wp\/v2\/users\/1"}],"replies":[{"embeddable":true,"href":"https:\/\/wp.kuttersegeln.de\/index.php\/wp-json\/wp\/v2\/comments?post=288"}],"version-history":[{"count":1,"href":"https:\/\/wp.kuttersegeln.de\/index.php\/wp-json\/wp\/v2\/pages\/288\/revisions"}],"predecessor-version":[{"id":289,"href":"https:\/\/wp.kuttersegeln.de\/index.php\/wp-json\/wp\/v2\/pages\/288\/revisions\/289"}],"up":[{"embeddable":true,"href":"https:\/\/wp.kuttersegeln.de\/index.php\/wp-json\/wp\/v2\/pages\/12"}],"wp:attachment":[{"href":"https:\/\/wp.kuttersegeln.de\/index.php\/wp-json\/wp\/v2\/media?parent=288"}],"curies":[{"name":"wp","href":"https:\/\/api.w.org\/{rel}","templated":true}]}}