{"id":283,"date":"2022-09-27T12:40:51","date_gmt":"2022-09-27T10:40:51","guid":{"rendered":"https:\/\/wp.kuttersegeln.de\/?page_id=283"},"modified":"2023-07-28T22:50:54","modified_gmt":"2023-07-28T20:50:54","slug":"wind-auf-fano","status":"publish","type":"page","link":"https:\/\/wp.kuttersegeln.de\/index.php\/segeln\/wetter\/wind-auf-fano\/","title":{"rendered":"Wind auf Fan\u00f8"},"content":{"rendered":"\n<p>Wenn Ihr durch klickt (Superforecast), dann steht da auch die Tide.<\/p>\n\n\n\n<a href=\"https:\/\/www.windfinder.com?utm_source=reportgraph&#038;utm_medium=web&#038;utm_campaign=homepageweather&#038;utm_content=largegraph\"><img decoding=\"async\" src=\"https:\/\/www.windfinder.com\/wind-cgi\/stationsgif.pl?STATIONSNR=06081&#038;UNIT_WIND=kts&#038;UNIT_TEMPERATURE=c\" border=\"0\" \/><\/a><noscript><a rel=\"nofollow\" href=\"https:\/\/www.windfinder.com\/report\/blavand?utm_source=report&#038;utm_medium=web&#038;utm_campaign=homepageweather&#038;utm_content=noscript-report\">Wind forecast for Bl\u00e5vandshuk Fyr<\/a> provided by <a rel=\"nofollow\" href=\"https:\/\/www.windfinder.com?utm_source=report&#038;utm_medium=web&#038;utm_campaign=homepageweather&#038;utm_content=noscript-logo\">windfinder.com<\/a><\/noscript>\n<script src=\"https:\/\/www.windfinder.com\/widget\/forecast\/js\/fanoe_bugt?unit_wave=m&#038;unit_rain=mm&#038;unit_temperature=c&#038;unit_wind=kts&#038;unit_pressure=mbar&#038;days=2&#038;show_day=0\"><\/script><noscript><a rel=\"nofollow\" href=\"https:\/\/www.windfinder.com\/forecast\/fanoe_bugt?utm_source=forecast&#038;utm_medium=web&#038;utm_campaign=homepageweather&#038;utm_content=noscript-forecast\">Wind forecast for Fan\u00f8 Bugt<\/a> provided by <a rel=\"nofollow\" href=\"https:\/\/www.windfinder.com?utm_source=forecast&#038;utm_medium=web&#038;utm_campaign=homepageweather&#038;utm_content=noscript-logo\">windfinder.com<\/a><\/noscript>\n<script src=\"https:\/\/www.windfinder.com\/widget\/forecast\/js\/blavand?unit_wave=m&#038;unit_rain=mm&#038;unit_temperature=c&#038;unit_wind=kts&#038;unit_pressure=mbar&#038;days=2&#038;show_day=0\"><\/script><noscript><a rel=\"nofollow\" href=\"https:\/\/www.windfinder.com\/forecast\/blavand?utm_source=forecast&#038;utm_medium=web&#038;utm_campaign=homepageweather&#038;utm_content=noscript-forecast\">Wind forecast for Bl\u00e5vandshuk Fyr<\/a> provided by <a rel=\"nofollow\" href=\"https:\/\/www.windfinder.com?utm_source=forecast&#038;utm_medium=web&#038;utm_campaign=homepageweather&#038;utm_content=noscript-logo\">windfinder.com<\/a><\/noscript>\n","protected":false},"excerpt":{"rendered":"<p>Wenn Ihr durch klickt (Superforecast), dann steht da auch die Tide. Wind forecast for Bl\u00e5vandshuk Fyr provided by windfinder.com Wind forecast for Fan\u00f8 Bugt provided by windfinder.com Wind forecast for Bl\u00e5vandshuk Fyr provided by windfinder.com<\/p>\n","protected":false},"author":1,"featured_media":0,"parent":273,"menu_order":0,"comment_status":"open","ping_status":"closed","template":"","meta":{"footnotes":""},"class_list":["post-283","page","type-page","status-publish","hentry"],"_links":{"self":[{"href":"https:\/\/wp.kuttersegeln.de\/index.php\/wp-json\/wp\/v2\/pages\/283","targetHints":{"allow":["GET"]}}],"collection":[{"href":"https:\/\/wp.kuttersegeln.de\/index.php\/wp-json\/wp\/v2\/pages"}],"about":[{"href":"https:\/\/wp.kuttersegeln.de\/index.php\/wp-json\/wp\/v2\/types\/page"}],"author":[{"embeddable":true,"href":"https:\/\/wp.kuttersegeln.de\/index.php\/wp-json\/wp\/v2\/users\/1"}],"replies":[{"embeddable":true,"href":"https:\/\/wp.kuttersegeln.de\/index.php\/wp-json\/wp\/v2\/comments?post=283"}],"version-history":[{"count":4,"href":"https:\/\/wp.kuttersegeln.de\/index.php\/wp-json\/wp\/v2\/pages\/283\/revisions"}],"predecessor-version":[{"id":634,"href":"https:\/\/wp.kuttersegeln.de\/index.php\/wp-json\/wp\/v2\/pages\/283\/revisions\/634"}],"up":[{"embeddable":true,"href":"https:\/\/wp.kuttersegeln.de\/index.php\/wp-json\/wp\/v2\/pages\/273"}],"wp:attachment":[{"href":"https:\/\/wp.kuttersegeln.de\/index.php\/wp-json\/wp\/v2\/media?parent=283"}],"curies":[{"name":"wp","href":"https:\/\/api.w.org\/{rel}","templated":true}]}}